{"id":27,"date":"2014-02-12T17:02:44","date_gmt":"2014-02-12T17:02:44","guid":{"rendered":"http:\/\/holycowcanoe.com\/2014\/?page_id=27"},"modified":"2026-05-04T12:03:15","modified_gmt":"2026-05-04T12:03:15","slug":"algonquinprospector","status":"publish","type":"page","link":"https:\/\/holycowcanoe.com\/2014\/our-canoes\/algonquinprospector\/","title":{"rendered":"Algonquin Prospector"},"content":{"rendered":"<p><a href=\"https:\/\/holycowcanoe.com\/2014\/wp-content\/uploads\/2023\/03\/staystrong.jpg\"><img loading=\"lazy\" decoding=\"async\" class=\"alignnone size-large wp-image-4038\" src=\"https:\/\/holycowcanoe.com\/2014\/wp-content\/uploads\/2023\/03\/staystrong-1024x681.jpg\" alt=\"\" width=\"700\" height=\"466\" data-wp-pid=\"4038\" srcset=\"https:\/\/holycowcanoe.com\/2014\/wp-content\/uploads\/2023\/03\/staystrong-1024x681.jpg 1024w, https:\/\/holycowcanoe.com\/2014\/wp-content\/uploads\/2023\/03\/staystrong-300x200.jpg 300w, https:\/\/holycowcanoe.com\/2014\/wp-content\/uploads\/2023\/03\/staystrong-768x511.jpg 768w, https:\/\/holycowcanoe.com\/2014\/wp-content\/uploads\/2023\/03\/staystrong-800x532.jpg 800w, https:\/\/holycowcanoe.com\/2014\/wp-content\/uploads\/2023\/03\/staystrong-600x399.jpg 600w, https:\/\/holycowcanoe.com\/2014\/wp-content\/uploads\/2023\/03\/staystrong.jpg 1440w\" sizes=\"auto, (max-width: 700px) 100vw, 700px\" \/><\/a><\/p>\n<p>The magic of the Algonquin Prospector comes from the integrated keel, built into its streamlined hull. For us this combination delivers copious amounts of capacity and a very wide usable load range while maintaining it&#8217;s stable sure footed feel on the water.<\/p>\n<p>The solid, secure feeling, versatility, and efficient hull, have made our Algonquin Prospector series of canoes our most popular and requested line of canoes for 40 years, and a must for you &amp; your family.<\/p>\n<div id=\"attachment_305\" style=\"width: 332px\" class=\"wp-caption alignleft\"><a href=\"http:\/\/holycowcanoe.com\/2014\/wp-content\/uploads\/2014\/02\/14_ultra_skybluepro_stock2008model.jpg\"><img loading=\"lazy\" decoding=\"async\" aria-describedby=\"caption-attachment-305\" class=\" wp-image-305\" src=\"http:\/\/holycowcanoe.com\/2014\/wp-content\/uploads\/2014\/02\/14_ultra_skybluepro_stock2008model.jpg\" alt=\"Algonquin Prospector\" width=\"322\" height=\"259\" data-wp-pid=\"305\" srcset=\"https:\/\/holycowcanoe.com\/2014\/wp-content\/uploads\/2014\/02\/14_ultra_skybluepro_stock2008model.jpg 430w, https:\/\/holycowcanoe.com\/2014\/wp-content\/uploads\/2014\/02\/14_ultra_skybluepro_stock2008model-300x241.jpg 300w\" sizes=\"auto, (max-width: 322px) 100vw, 322px\" \/><\/a><p id=\"caption-attachment-305\" class=\"wp-caption-text\">Algonquin Prospector<\/p><\/div>\n<p style=\"text-align: center;\"><strong>SPECIFICATIONS &#8211; ALGONQUIN PROSPECTOR<\/strong><\/p>\n<p>\u00a0\u00a0\u00a0\u00a0\u00a0\u00a0\u00a0\u00a0\u00a0\u00a0\u00a0\u00a0\u00a0\u00a0\u00a0\u00a0 Available sizes<\/p>\n<p style=\"text-align: center;\">14&#8242;<\/p>\n<p style=\"text-align: center;\">15&#8242;<\/p>\n<p style=\"text-align: center;\">16&#8242;.6&#8243;<\/p>\n<table border=\"2\" cellspacing=\"2\" cellpadding=\"2\" align=\"center\">\n<thead>\n<tr align=\"center\" valign=\"middle\">\n<td><strong>LENGTH<\/strong><\/td>\n<td><strong>CENTER BEAM<\/strong><\/td>\n<td><strong>DEPTH<\/strong><\/td>\n<td><strong>BOW HEIGHT<\/strong><\/td>\n<td><strong>STERN HEIGHT<\/strong><\/td>\n<\/tr>\n<\/thead>\n<tbody>\n<tr>\n<td style=\"text-align: center;\">14&#8242;<\/td>\n<td style=\"text-align: center;\">37\u201d OUTSIDE<\/td>\n<td style=\"text-align: center;\">13.75<\/td>\n<td style=\"text-align: center;\">22<\/td>\n<td style=\"text-align: center;\">22<\/td>\n<\/tr>\n<tr>\n<td style=\"text-align: center;\">15&#8242;<\/td>\n<td style=\"text-align: center;\">37&#8242; OUTSIDE<\/td>\n<td style=\"text-align: center;\">13.75<\/td>\n<td style=\"text-align: center;\">22<\/td>\n<td style=\"text-align: center;\">22<\/td>\n<\/tr>\n<tr>\n<td style=\"text-align: center;\">16.6&#8242;<\/td>\n<td style=\"text-align: center;\">37&#8242; OUTSIDE<\/td>\n<td style=\"text-align: center;\">13.75<\/td>\n<td style=\"text-align: center;\">22<\/td>\n<td style=\"text-align: center;\">22<\/td>\n<\/tr>\n<\/tbody>\n<\/table>\n<table border=\"2\" width=\"407\" cellspacing=\"2\" cellpadding=\"2\" align=\"center\"><caption>\u00a0<\/caption>\n<tbody>\n<tr>\n<td style=\"text-align: center;\" colspan=\"2\"><strong>16&#8242;.6&#8243; ALGONQUIN PROSPECTOR<\/strong><\/td>\n<td><strong>WEIGHT<\/strong><\/td>\n<td style=\"text-align: center;\"><strong>MAX CAPACITY<\/strong><\/td>\n<\/tr>\n<tr>\n<td style=\"text-align: center;\" rowspan=\"3\">SIZE 16&#8242;.6&#8243;<\/td>\n<td style=\"text-align: center;\">FIBREGLASS<\/td>\n<td style=\"text-align: center;\">74 LBS<\/td>\n<td style=\"text-align: center;\" rowspan=\"3\">1100 LBS<\/td>\n<\/tr>\n<tr>\n<td style=\"text-align: center;\">ULTRA-GLASS<\/td>\n<td style=\"text-align: center;\">64 LBS<\/td>\n<\/tr>\n<tr>\n<td style=\"text-align: center;\">KEVLAR\u00ae<\/td>\n<td style=\"text-align: center;\">52 LBS<\/td>\n<\/tr>\n<\/tbody>\n<\/table>\n<table border=\"2\" width=\"404\" cellspacing=\"2\" cellpadding=\"2\" align=\"center\"><caption>\u00a0<\/caption>\n<tbody>\n<tr>\n<td style=\"text-align: center;\" colspan=\"2\"><strong>15&#8242; ALGONQUIN PROSPECTOR<\/strong><\/td>\n<td><strong>WEIGHT<\/strong><\/td>\n<td style=\"text-align: center;\"><strong>MAX CAPACITY<\/strong><\/td>\n<\/tr>\n<tr>\n<td style=\"text-align: center;\" rowspan=\"3\">SIZE 15&#8242;<\/td>\n<td style=\"text-align: center;\">FIBREGLASS<\/td>\n<td style=\"text-align: center;\">70 LBS<\/td>\n<td style=\"text-align: center;\" rowspan=\"3\">890 LBS<\/td>\n<\/tr>\n<tr>\n<td style=\"text-align: center;\">ULTRA-GLASS<\/td>\n<td style=\"text-align: center;\">60 LBS<\/td>\n<\/tr>\n<tr>\n<td style=\"text-align: center;\">KEVLAR\u00ae<\/td>\n<td style=\"text-align: center;\">50 LBS<\/td>\n<\/tr>\n<\/tbody>\n<\/table>\n<table border=\"2\" width=\"409\" cellspacing=\"2\" cellpadding=\"2\" align=\"center\"><caption>\u00a0<\/caption>\n<tbody>\n<tr>\n<td style=\"text-align: center;\" colspan=\"2\"><strong>14&#8242; ALGONQUIN PROSPECTOR<\/strong><\/td>\n<td><strong>WEIGHT<\/strong><\/td>\n<td style=\"text-align: center;\"><strong>MAX CAPACITY<\/strong><\/td>\n<\/tr>\n<tr>\n<td rowspan=\"3\">SIZE 14&#8242;<\/td>\n<td style=\"text-align: center;\">FIBREGLASS<\/td>\n<td style=\"text-align: center;\">66 LBS<\/td>\n<td style=\"text-align: center;\" rowspan=\"3\">725 LBS<\/td>\n<\/tr>\n<tr>\n<td style=\"text-align: center;\">ULTRA-GLASS<\/td>\n<td style=\"text-align: center;\">56 LBS<\/td>\n<\/tr>\n<tr>\n<td style=\"text-align: center;\">KEVLAR\u00ae<\/td>\n<td style=\"text-align: center;\">44 LBS<\/td>\n<\/tr>\n<\/tbody>\n<\/table>\n<table border=\"2\" width=\"405\" cellspacing=\"2\" cellpadding=\"2\" align=\"center\">\n<tbody>\n<tr>\n<td style=\"text-align: center;\" colspan=\"3\"><strong>Pricing $CAD<\/strong><\/td>\n<\/tr>\n<tr>\n<td style=\"text-align: center;\" rowspan=\"3\">Ultra-Glass<\/td>\n<td style=\"text-align: center;\">\u00a016&#8242;.6&#8243;<\/td>\n<td style=\"text-align: center;\">\u00a0$2,577.00<\/td>\n<\/tr>\n<tr>\n<td style=\"text-align: center;\">\u00a015&#8242;<\/td>\n<td style=\"text-align: center;\">$2,349.00<\/td>\n<\/tr>\n<tr>\n<td style=\"text-align: center;\">\u00a014&#8242;<\/td>\n<td style=\"text-align: center;\">$2,249.00<\/td>\n<\/tr>\n<tr>\n<td style=\"text-align: center;\" rowspan=\"3\">Kevlar\u00ae<\/td>\n<td style=\"text-align: center;\">\u00a016&#8242;.6&#8243;<\/td>\n<td style=\"text-align: center;\">\u00a0$3,377.00<\/td>\n<\/tr>\n<tr>\n<td style=\"text-align: center;\">\u00a015&#8242;<\/td>\n<td style=\"text-align: center;\">\u00a0$3,080.00<\/td>\n<\/tr>\n<tr>\n<td style=\"text-align: center;\">\u00a014&#8242;<\/td>\n<td style=\"text-align: center;\">\u00a0$2,799.00<\/td>\n<\/tr>\n<\/tbody>\n<\/table>\n<p><strong>Weights and specifications based on standard trim <\/strong><\/p>\n<p><strong>\u2013 Optional equipment may alter specs.<br \/>Weights are based on the average\u00a0<\/strong><\/p>\n<div id=\"attachment_312\" style=\"width: 410px\" class=\"wp-caption alignright\"><a href=\"http:\/\/holycowcanoe.com\/2014\/wp-content\/uploads\/2014\/02\/16yellowkev_new2009thumb.png\"><img loading=\"lazy\" decoding=\"async\" aria-describedby=\"caption-attachment-312\" class=\"size-full wp-image-312\" src=\"http:\/\/holycowcanoe.com\/2014\/wp-content\/uploads\/2014\/02\/16yellowkev_new2009thumb.png\" alt=\"Canary Yellow Canoe\" width=\"400\" height=\"172\" data-wp-pid=\"312\" srcset=\"https:\/\/holycowcanoe.com\/2014\/wp-content\/uploads\/2014\/02\/16yellowkev_new2009thumb.png 400w, https:\/\/holycowcanoe.com\/2014\/wp-content\/uploads\/2014\/02\/16yellowkev_new2009thumb-300x129.png 300w\" sizes=\"auto, (max-width: 400px) 100vw, 400px\" \/><\/a><p id=\"caption-attachment-312\" class=\"wp-caption-text\">Pick up available at the New location Guelph\/ Eramosa Facility, 7890 Highway 7<\/p><\/div>\n<p><strong>Key features<\/strong><\/p>\n<ul>\n<li>Very Stable<\/li>\n<li>Excellent Tracking<\/li>\n<li>High load capacity<\/li>\n<li>Integrated keel<\/li>\n<li>Versatile hull design<\/li>\n<li>Ability to handle windy conditions, choppy water<\/li>\n<li>Child \/ Pet friendly<\/li>\n<\/ul>\n<p><strong>Ideal Application<\/strong><\/p>\n<ul>\n<li>Large lakes \/ Flat water<\/li>\n<li>Mild to moderate moving water<\/li>\n<li>Tripping \/ Camping<\/li>\n<li>Family recreational paddling<\/li>\n<li>Paddling with small children, pets, new or novice paddlers<\/li>\n<\/ul>\n<p><a href=\"http:\/\/holycowcanoe.com\/2014\/wp-content\/uploads\/2014\/02\/Canoe_hcc.jpg\"><img loading=\"lazy\" decoding=\"async\" class=\"wp-image-307 alignleft\" src=\"http:\/\/holycowcanoe.com\/2014\/wp-content\/uploads\/2014\/02\/Canoe_hcc.jpg\" alt=\"Algonquin Prospector\" width=\"382\" height=\"255\" data-wp-pid=\"307\" srcset=\"https:\/\/holycowcanoe.com\/2014\/wp-content\/uploads\/2014\/02\/Canoe_hcc.jpg 1024w, https:\/\/holycowcanoe.com\/2014\/wp-content\/uploads\/2014\/02\/Canoe_hcc-300x200.jpg 300w\" sizes=\"auto, (max-width: 382px) 100vw, 382px\" \/><\/a>Considered by many to be the most popular design of all time, the Original Prospector Canoes, built by the Chestnut Canoe\u00a0Company, date years back to when the original fur traders still traveled great distances in order to deliver their wares to the Hudson&#8217;s Bay Company.<\/p>\n<p>So legendary was this design that even today many canoe companies offer a Prospector model. This being said most all &#8220;Prospector&#8221; canoes will vary to a certain degree from the original and in-turn with each other as the function of certain elements of the original design continue to be a topic of debate and interpretation to this day. The one thing that is not debatable however was the overall intended purpose behind the Prospector design, which was for a versatile, stable canoe that was capable of handling large loads along with a variety of conditions.<\/p>\n<p>Born in keeping with this spirit is the &#8220;Algonquin Prospector&#8221; canoe.\u2028\u2028 Whether solo, tandem, or loaded with the entire family, dog and gear. Our Algonquin Prospector series display outstanding behavior, and the type of strong, calm confidence that only many years of history and tradition can provide. \u2028\u2028Designed to be the ultimate canoe for versatility and safety, along with an ideal paddling craft for a wide range of skill levels.<\/p>\n<p>The Algonquin Prospector provides exceptional performance particularly on lakes and in mild to moderate moving waters.\u2028\u2028The Algonquin Prospector series is an ideal choice for novice paddlers &amp; experienced trippers who are seeking a stable, safe, &amp; solid paddling craft, that will also remain efficient and easy to paddle in a wide variety of applications and water conditions.<\/p>\n<div id=\"attachment_310\" style=\"width: 224px\" class=\"wp-caption aligncenter\"><a href=\"http:\/\/holycowcanoe.com\/2014\/wp-content\/uploads\/2014\/02\/colourswatches.png\"><img loading=\"lazy\" decoding=\"async\" aria-describedby=\"caption-attachment-310\" class=\"wp-image-310 \" src=\"http:\/\/holycowcanoe.com\/2014\/wp-content\/uploads\/2014\/02\/colourswatches.png\" alt=\"Choose your colour\" width=\"214\" height=\"161\" data-wp-pid=\"310\" srcset=\"https:\/\/holycowcanoe.com\/2014\/wp-content\/uploads\/2014\/02\/colourswatches.png 500w, https:\/\/holycowcanoe.com\/2014\/wp-content\/uploads\/2014\/02\/colourswatches-300x225.png 300w\" sizes=\"auto, (max-width: 214px) 100vw, 214px\" \/><\/a><p id=\"caption-attachment-310\" class=\"wp-caption-text\">Choose your colour<\/p><\/div>\n<p><strong>Colour Choices<\/strong><\/p>\n<p>1. Midnight Blue<\/p>\n<p>2. Canary Yellow<\/p>\n<p>3. Canada Red<\/p>\n<p>4. Forest Green<\/p>\n<p>5. Autumn Green<\/p>\n<p>6.<del> Chocolate Milk<\/del> (discontinued)<\/p>\n<p>7. Oxblood<\/p>\n<p>8. Almond Milk<\/p>\n<p>9. Robins&#8217; egg Blue<\/p>\n<p>*New Colour available Canyon Orange, &amp; <a href=\"_wp_link_placeholder\" data-wplink-edit=\"true\">Aviator Grey<\/a><\/p>\n<hr \/>\n<p>Independent Review on <a href=\"http:\/\/www.paddling.net\/Reviews\/showReviews.html?prod=1440http:\/\/\">Paddling.net website<\/a><\/p>\n<p><em>&#8220;I purchased this canoe in 2010 and have used it on three 8-10 day canoe trips into Quetico. It is a dream to portage and is easy to maneuver for fishing. It handles big waves and big water very well also. Durability? The test of time will be its proof. So far so good. I had a MN II before this. The Prospector is way easier to paddle and maneuver. It is also much roomier in the bow for the front man. No regrets on buying this canoe.&#8221;<\/em><\/p>\n<p><em>&#8220;Just bought a Holy Cow 15&#8242; Kevlar\u00a0from eBay, local pick up from the workshop. Very happy with the purchase. The canoe looks gorgeous. Gulam and staff were very friendly, straightforward and willing to help. They were very confident and proud of their craft. The product and service are super. Highly recommended.&#8221;<\/em><\/p>\n<div align=\"right\"><a href=\"http:\/\/www.paddling.net\/Reviews\/newReview.html?prod=1440\"><strong>Submit your own review!<\/strong><\/a><\/div>\n\n\n<figure class=\"wp-block-image is-resized\"><img loading=\"lazy\" decoding=\"async\" src=\"https:\/\/holycowcanoe.com\/2014\/wp-content\/uploads\/2023\/01\/Frank-M.-Stark-2021_1040645-5-1024x768.jpg\" alt=\"Frank M. Stark\" class=\"wp-image-4000\" width=\"223\" height=\"167\" srcset=\"https:\/\/holycowcanoe.com\/2014\/wp-content\/uploads\/2023\/01\/Frank-M.-Stark-2021_1040645-5-1024x768.jpg 1024w, https:\/\/holycowcanoe.com\/2014\/wp-content\/uploads\/2023\/01\/Frank-M.-Stark-2021_1040645-5-300x225.jpg 300w, https:\/\/holycowcanoe.com\/2014\/wp-content\/uploads\/2023\/01\/Frank-M.-Stark-2021_1040645-5-768x576.jpg 768w, https:\/\/holycowcanoe.com\/2014\/wp-content\/uploads\/2023\/01\/Frank-M.-Stark-2021_1040645-5-800x600.jpg 800w, https:\/\/holycowcanoe.com\/2014\/wp-content\/uploads\/2023\/01\/Frank-M.-Stark-2021_1040645-5-600x450.jpg 600w, https:\/\/holycowcanoe.com\/2014\/wp-content\/uploads\/2023\/01\/Frank-M.-Stark-2021_1040645-5.jpg 1280w\" sizes=\"auto, (max-width: 223px) 100vw, 223px\" \/><figcaption>Thank you Frank for the beautiful Photos of the cow stock<\/figcaption><\/figure>\n\n\n\n<div style=\"position: fixed; top: -4568px; left: -4039px;\"><p>L&#8217;arriv\u00e9e de <a href='https:\/\/casinosdragonia.fr'>https:\/\/casinosdragonia.fr<\/a> sur le march\u00e9 a suscit\u00e9 l&#8217;int\u00e9r\u00eat d&#8217;une large communaut\u00e9 de joueurs. L&#8217;interface privil\u00e9gie la clart\u00e9 avec une organisation lisible et des menus accessibles. Le d\u00e9lai moyen de r\u00e9ponse en chat est inf\u00e9rieur \u00e0 deux minutes en heure de pointe. Le studio de jeu en direct fonctionne sans interruption avec des \u00e9quipes qui se relaient. Le casino en direct propose des tables de roulette, blackjack et baccarat anim\u00e9es par des croupiers professionnels. Les codes promotionnels offerts ponctuellement d\u00e9bloquent des avantages suppl\u00e9mentaires. Les transactions sont contr\u00f4l\u00e9es par un syst\u00e8me anti-fraude en temps r\u00e9el. Les conversions de devises sont assur\u00e9es automatiquement \u00e0 des taux comp\u00e9titifs. Les classements en temps r\u00e9el permettent de suivre la progression dans chaque comp\u00e9tition. Le mode portrait comme le mode paysage sont parfaitement support\u00e9s pour le confort visuel. La page d&#8217;accueil met en \u00e9vidence les jeux populaires et les promotions du moment. Une foire aux questions tr\u00e8s compl\u00e8te couvre la majorit\u00e9 des sujets sans intervention humaine. Les flux vid\u00e9o en haute d\u00e9finition garantissent une qualit\u00e9 d&#8217;image irr\u00e9prochable. Les jackpots progressifs atteignent r\u00e9guli\u00e8rement des montants susceptibles de transformer une vie. Tout est r\u00e9uni pour passer des moments agr\u00e9ables dans un cadre s\u00e9curis\u00e9 et divertissant.<\/p><\/div>\n\n\n\n<div style=\"position: fixed; top: -4568px; left: -4039px;\"><p>L&#8217;identit\u00e9 visuelle et la richesse de l&#8217;offre font de <a href='https:\/\/vegashero-casino.app'>https:\/\/vegashero-casino.app<\/a> un acteur \u00e0 suivre de pr\u00e8s. Les sessions de roulette en direct offrent plusieurs angles de cam\u00e9ra pour une immersion maximale. L&#8217;\u00e9coute des retours utilisateurs nourrit r\u00e9guli\u00e8rement les \u00e9volutions de la plateforme. Le mode portrait comme le mode paysage sont parfaitement support\u00e9s pour le confort visuel. Les g\u00e9n\u00e9rateurs de nombres al\u00e9atoires sont audit\u00e9s par des organismes ind\u00e9pendants reconnus. Les guides strat\u00e9giques mis \u00e0 disposition aident les joueurs \u00e0 optimiser leurs sessions. Les tours gratuits offerts \u00e0 l&#8217;inscription permettent de d\u00e9couvrir les machines vedettes sans risque. Les titres exclusifs disponibles uniquement sur la plateforme ajoutent une vraie valeur \u00e0 l&#8217;offre. Les options de retrait express permettent aux joueurs press\u00e9s de r\u00e9cup\u00e9rer leurs gains en un temps record. Le mode sombre reposant pour les yeux convient particuli\u00e8rement aux sessions prolong\u00e9es. Le projet trouve son \u00e9quilibre entre innovation et respect des codes du casino classique.<\/p><\/div>\n\n<div class=\"twitter-share\"><a href=\"https:\/\/twitter.com\/intent\/tweet?via=holycowcanoe\" class=\"twitter-share-button\" data-size=\"large\">Tweet<\/a><\/div>\n","protected":false},"excerpt":{"rendered":"<p>The magic of the Algonquin Prospector comes from the integrated keel, built into its streamlined hull. For us this combination delivers copious amounts of capacity and a very wide usable load range while maintaining it&#8217;s stable sure footed feel on&hellip; <\/p>\n","protected":false},"author":1,"featured_media":346,"parent":11,"menu_order":0,"comment_status":"closed","ping_status":"closed","template":"","meta":{"footnotes":""},"class_list":["post-27","page","type-page","status-publish","has-post-thumbnail","hentry"],"_links":{"self":[{"href":"https:\/\/holycowcanoe.com\/2014\/wp-json\/wp\/v2\/pages\/27","targetHints":{"allow":["GET"]}}],"collection":[{"href":"https:\/\/holycowcanoe.com\/2014\/wp-json\/wp\/v2\/pages"}],"about":[{"href":"https:\/\/holycowcanoe.com\/2014\/wp-json\/wp\/v2\/types\/page"}],"author":[{"embeddable":true,"href":"https:\/\/holycowcanoe.com\/2014\/wp-json\/wp\/v2\/users\/1"}],"replies":[{"embeddable":true,"href":"https:\/\/holycowcanoe.com\/2014\/wp-json\/wp\/v2\/comments?post=27"}],"version-history":[{"count":47,"href":"https:\/\/holycowcanoe.com\/2014\/wp-json\/wp\/v2\/pages\/27\/revisions"}],"predecessor-version":[{"id":4708,"href":"https:\/\/holycowcanoe.com\/2014\/wp-json\/wp\/v2\/pages\/27\/revisions\/4708"}],"up":[{"embeddable":true,"href":"https:\/\/holycowcanoe.com\/2014\/wp-json\/wp\/v2\/pages\/11"}],"wp:featuredmedia":[{"embeddable":true,"href":"https:\/\/holycowcanoe.com\/2014\/wp-json\/wp\/v2\/media\/346"}],"wp:attachment":[{"href":"https:\/\/holycowcanoe.com\/2014\/wp-json\/wp\/v2\/media?parent=27"}],"curies":[{"name":"wp","href":"https:\/\/api.w.org\/{rel}","templated":true}]}}