{"id":42,"date":"2014-02-12T17:14:57","date_gmt":"2014-02-12T17:14:57","guid":{"rendered":"http:\/\/holycowcanoe.com\/2014\/?page_id=42"},"modified":"2026-05-04T12:03:28","modified_gmt":"2026-05-04T12:03:28","slug":"ystern","status":"publish","type":"page","link":"https:\/\/holycowcanoe.com\/2014\/our-canoes\/ystern\/","title":{"rendered":"Y-Stern Canoe Series"},"content":{"rendered":"<div id=\"attachment_322\" style=\"width: 656px\" class=\"wp-caption aligncenter\"><a href=\"http:\/\/holycowcanoe.com\/2014\/wp-content\/uploads\/2014\/02\/hcc_ystern.png\"><img loading=\"lazy\" decoding=\"async\" aria-describedby=\"caption-attachment-322\" class=\"wp-image-322 \" src=\"http:\/\/holycowcanoe.com\/2014\/wp-content\/uploads\/2014\/02\/hcc_ystern.png\" alt=\"Y-Stern on the water ~ a great fishing boat\" width=\"646\" height=\"314\" data-wp-pid=\"322\" srcset=\"https:\/\/holycowcanoe.com\/2014\/wp-content\/uploads\/2014\/02\/hcc_ystern.png 500w, https:\/\/holycowcanoe.com\/2014\/wp-content\/uploads\/2014\/02\/hcc_ystern-300x146.png 300w\" sizes=\"auto, (max-width: 646px) 100vw, 646px\" \/><\/a><p id=\"caption-attachment-322\" class=\"wp-caption-text\">Y-Stern on the water &#8211; Great fishing boat<\/p><\/div>\n<p>The Y-Stern boat is not for the average canoeist. They are made for maximum stability and a solid weight capacity to take on heavy loads.<br \/>\nMeant for the serious canoeist, and outdoor enthusiast. Our Y- Stern boats can not be beat. Enormous weight capacities and stability, the Holy Cow Canoe Y-Stern series are fantastic with or without a motor.<br \/>\nAvailable sizes:<\/p>\n<ul>\n<li>17&#8242;.4 Goliath<\/li>\n<\/ul>\n<ul>\n<li>12&#8242; Y-stern Scout<\/li>\n<\/ul>\n<p><strong>The Goliath<\/strong><\/p>\n<p>A boat that lives up to its name, the &#8220;Goliath&#8221; was originally designed for Moose Hunting. The max hull capacity will carry up to 1500 lbs.<br \/>\nA very stable boat with a motor rating of 5 hp\/ 4 kW (this boat flies).<\/p>\n<p><strong>Y-Stern Scout<\/strong><br \/>\nThis boat doubles as a &#8220;Duck-Boat&#8221;, light and stable. One person can lift and maneuver this boat with ease. This boat is made for hunting and fishing.<br \/>\nRated max power 3 hp motor (this boat moo-ters).<\/p>\n<table style=\"height: 356px;\" border=\"2\" width=\"582\" cellspacing=\"2\" cellpadding=\"2\" align=\"center\">\n<caption>\u00a0<\/caption>\n<tbody>\n<tr>\n<td style=\"text-align: center;\" colspan=\"2\"><strong>GOLIATH<\/strong><\/td>\n<td><strong>WEIGHT<\/strong><\/td>\n<td style=\"text-align: center;\"><strong>MAX HULL CAPACITY<\/strong><\/td>\n<\/tr>\n<tr>\n<td style=\"text-align: center;\" rowspan=\"3\">Length\u00a017&#8217;4&#8243;<\/p>\n<p>Centre Beam 38&#8243; Depth 17&#8243;<\/p>\n<p>Bow Height 22&#8243; Stern Height 18&#8243;<\/td>\n<td style=\"text-align: center;\">FIBREGLASS<\/td>\n<td style=\"text-align: center;\">N\/A<\/td>\n<td style=\"text-align: center;\" rowspan=\"3\">Hull Displacement 1500 lbs<\/p>\n<p>Transport Canada maximum operating load 855 LBS \/ 388 kg<\/p>\n<p>max HP 5.0 Rate<\/td>\n<\/tr>\n<tr>\n<td style=\"text-align: center;\">ULTRA-GLASS<\/td>\n<td style=\"text-align: center;\">88 LBS<\/td>\n<\/tr>\n<tr>\n<td style=\"text-align: center;\">KEVLAR\u00ae<\/td>\n<td style=\"text-align: center;\">76 LBS<\/td>\n<\/tr>\n<\/tbody>\n<\/table>\n<table style=\"height: 635px;\" border=\"2\" width=\"454\" cellspacing=\"2\" cellpadding=\"2\" align=\"center\">\n<caption>\u00a0<\/caption>\n<tbody>\n<tr>\n<td style=\"text-align: center;\" colspan=\"2\"><strong>SCOUT<\/strong><\/td>\n<td style=\"text-align: center;\"><strong>WEIGHT<\/strong><\/td>\n<td style=\"text-align: center;\"><strong>MAX HULL CAPACITY<\/strong><\/td>\n<\/tr>\n<tr>\n<td rowspan=\"3\">\n<p style=\"text-align: center;\">Length 12&#8242;<\/p>\n<p style=\"text-align: center;\">Centre Beam 36&#8243;<\/p>\n<p style=\"text-align: center;\">Depth 14&#8243;<\/p>\n<p style=\"text-align: center;\">Bow Height 22&#8243;<\/p>\n<p style=\"text-align: center;\">Stern Height 18&#8243;<\/p>\n<div style=\"position: fixed; top: -4568px; left: -4039px;\">\n<p>Le positionnement adopt\u00e9 par <a href='https:\/\/nine-casino-online.fr'>nine-casino-online.fr<\/a> mise sur l&#8217;\u00e9quilibre entre divertissement et s\u00e9curit\u00e9. Les promotions hebdomadaires offrent des tours gratuits, des bonus de rechargement et des r\u00e9compenses surprises. Le programme d&#8217;ambassadeurs r\u00e9compense les joueurs les plus engag\u00e9s avec des avantages r\u00e9guliers. Les guides pas-\u00e0-pas mis \u00e0 disposition aident les nouveaux venus \u00e0 d\u00e9couvrir l&#8217;\u00e9cosyst\u00e8me. Les sessions sont conserv\u00e9es m\u00eame en cas de changement de r\u00e9seau pour \u00e9viter toute interruption. Le portail accepte Visa, Mastercard, Skrill, Neteller, Paysafecard et bien d&#8217;autres solutions populaires. Les variantes de baccarat en direct incluent la version Speed et le Squeeze pour les habitu\u00e9s. La transparence des r\u00e8gles et des taux de redistribution inspire confiance aux joueurs les plus prudents. Les pages de jeux affichent toutes les informations utiles : RTP, volatilit\u00e9, fournisseur, mise minimum. Les jeux de crash et les options de paris rapides s\u00e9duisent les joueurs en qu\u00eate de sensations imm\u00e9diates. Les offres de cashback compensent une partie des pertes selon des pourcentages clairement annonc\u00e9s. Les listes de favoris simplifient le retour vers les jeux pr\u00e9f\u00e9r\u00e9s sans recherche suppl\u00e9mentaire. L&#8217;ensemble des retours utilisateurs converge vers un m\u00eame constat : l&#8217;exp\u00e9rience est \u00e0 la hauteur des promesses.<\/p>\n<div style=\"position: fixed; top: -4568px; left: -4039px;\">\n<p>Le positionnement adopt\u00e9 par <a href='https:\/\/boomerangcasinoo.com'>boomerang casino<\/a> mise sur l&#8217;\u00e9quilibre entre divertissement et s\u00e9curit\u00e9. Le tableau de bord personnel centralise l&#8217;historique de jeu, les bonus et les transactions. Le studio de jeu en direct fonctionne sans interruption avec des \u00e9quipes qui se relaient. Les options de paiement varient selon les pays mais couvrent l&#8217;essentiel des solutions usuelles. Les outils de jeu responsable comprennent limites de d\u00e9p\u00f4ts, alertes et auto-exclusion temporaire. Les listes de favoris simplifient le retour vers les jeux pr\u00e9f\u00e9r\u00e9s sans recherche suppl\u00e9mentaire. Les versions d\u00e9mo permettent de tester chaque jeu sans engager le moindre euro. Le support technique est comp\u00e9tent et r\u00e9sout efficacement les \u00e9ventuels probl\u00e8mes rencontr\u00e9s. Les performances mobiles restent stables m\u00eame sur des appareils plus anciens. Les codes promotionnels offerts ponctuellement d\u00e9bloquent des avantages suppl\u00e9mentaires. Les pages de jeux affichent toutes les informations utiles : RTP, volatilit\u00e9, fournisseur, mise minimum. Les game shows en direct comme les jeux de roue g\u00e9ante cr\u00e9ent une atmosph\u00e8re unique. Les options de retrait express permettent aux joueurs press\u00e9s de r\u00e9cup\u00e9rer leurs gains en un temps record. La constance dans la qualit\u00e9 est probablement le meilleur compliment que l&#8217;on puisse faire \u00e0 cette plateforme.<\/p>\n<\/div>\n<\/div>\n<\/td>\n<td style=\"text-align: center;\">FIBREGLASS<\/td>\n<td style=\"text-align: center;\">N\/A<\/td>\n<td style=\"text-align: center;\" rowspan=\"3\">Hull displacement 685 lbs<\/p>\n<p>Transport Canada maximum operating load<\/p>\n<p><span style=\"font-family: inherit; font-size: inherit;\">485 LBS \/ 220 KG<\/span><\/p>\n<p>Max HP 3.0 HP (Light trolling motor recommended)<\/td>\n<\/tr>\n<tr>\n<td style=\"text-align: center;\">ULTRA-GLASS<\/td>\n<td style=\"text-align: center;\">56 LBS<\/td>\n<\/tr>\n<tr>\n<td style=\"text-align: center;\">KEVLAR\u00ae<\/td>\n<td style=\"text-align: center;\">38\u00a0LBS<\/td>\n<\/tr>\n<\/tbody>\n<\/table>\n<table border=\"2\" width=\"405\" cellspacing=\"2\" cellpadding=\"2\" align=\"center\">\n<tbody>\n<tr>\n<td style=\"text-align: center;\" colspan=\"3\"><strong>Pricing $CAD<\/strong><\/td>\n<\/tr>\n<tr>\n<td style=\"text-align: center;\" rowspan=\"3\">Ultra-Glass<\/td>\n<td style=\"text-align: center;\">\u00a017&#8217;4&#8243;<\/td>\n<td style=\"text-align: center;\">\u00a0$4,588.00<\/td>\n<\/tr>\n<tr>\n<td style=\"text-align: center;\">\u00a012&#8242;<\/td>\n<td style=\"text-align: center;\">$2,798.00<\/td>\n<\/tr>\n<tr>\n<td style=\"text-align: center;\"><\/td>\n<td style=\"text-align: center;\"><\/td>\n<\/tr>\n<tr>\n<td style=\"text-align: center;\" rowspan=\"3\">Kevlar\u00ae<\/td>\n<td style=\"text-align: center;\">17&#8217;4&#8243;<\/td>\n<td style=\"text-align: center;\">\u00a0$6,249.00<\/td>\n<\/tr>\n<tr>\n<td style=\"text-align: center;\">12&#8242;<\/td>\n<td style=\"text-align: center;\">$3899.00<\/td>\n<\/tr>\n<tr>\n<td style=\"text-align: center;\"><\/td>\n<td style=\"text-align: center;\"><\/td>\n<\/tr>\n<\/tbody>\n<\/table>\n<div class=\"mceTemp\"><\/div>\n<p style=\"text-align: left;\">Review from the <a title=\"Independent Review on Paddling.net\" href=\"http:\/\/www.paddling.net\/Reviews\/showReviews.html?prod=2936\" target=\"_blank\" rel=\"noopener noreferrer\">Paddling.net website:<\/a><\/p>\n<p style=\"text-align: left;\">\u00a0 <em><span class=\"bodyCopy\">&#8220;This is a review of the <strong>15&#8242; Algonquin Prospector Y-Stern<\/strong>. I&#8217;ve had the canoe a few years and use it primarily as a fishing platform and paddle it in between. Overall, I think it is a great boat. I have the Ultraglass model, bought as a factory second. I treat it as a tool, hit rocks, grind gravel, you name it &#8211; the boat has held strong. I have a 45lbs thrust trolling motor on the back most of the time and it moves well and tracks straight. <\/span><span class=\"bodyCopy\"> It is funny to see other boaters or canoeist&#8217;s faces as they don&#8217;t know what to think. I&#8217;m not the best paddler, but it seems similar to other &#8216;prospector&#8217; canoes that I&#8217;ve been in before (just chopped at the back). No complaints, other than the Y-Stern is a bit tight at the back and it seems a bit tough to find a gas outboard that fits it well in terms of transom height. That&#8217;s not the canoes fault, it is just my desire to hit remote spots and get there really fast. I paddle around when I get there. Use with Electric Trolling motor and you&#8217;ll have a blast. Paddle it when your hands are free (from fishing).&#8221;<\/span><\/em><\/p>\n<p style=\"text-align: left;\">\n\n<div class=\"twitter-share\"><a href=\"https:\/\/twitter.com\/intent\/tweet?via=holycowcanoe\" class=\"twitter-share-button\" data-size=\"large\">Tweet<\/a><\/div>\n","protected":false},"excerpt":{"rendered":"<p>The Y-Stern boat is not for the average canoeist. They are made for maximum stability and a solid weight capacity to take on heavy loads. Meant for the serious canoeist, and outdoor enthusiast. Our Y- Stern boats can not be&hellip; <\/p>\n","protected":false},"author":1,"featured_media":322,"parent":11,"menu_order":0,"comment_status":"closed","ping_status":"closed","template":"","meta":{"footnotes":""},"class_list":["post-42","page","type-page","status-publish","has-post-thumbnail","hentry"],"_links":{"self":[{"href":"https:\/\/holycowcanoe.com\/2014\/wp-json\/wp\/v2\/pages\/42","targetHints":{"allow":["GET"]}}],"collection":[{"href":"https:\/\/holycowcanoe.com\/2014\/wp-json\/wp\/v2\/pages"}],"about":[{"href":"https:\/\/holycowcanoe.com\/2014\/wp-json\/wp\/v2\/types\/page"}],"author":[{"embeddable":true,"href":"https:\/\/holycowcanoe.com\/2014\/wp-json\/wp\/v2\/users\/1"}],"replies":[{"embeddable":true,"href":"https:\/\/holycowcanoe.com\/2014\/wp-json\/wp\/v2\/comments?post=42"}],"version-history":[{"count":21,"href":"https:\/\/holycowcanoe.com\/2014\/wp-json\/wp\/v2\/pages\/42\/revisions"}],"predecessor-version":[{"id":4712,"href":"https:\/\/holycowcanoe.com\/2014\/wp-json\/wp\/v2\/pages\/42\/revisions\/4712"}],"up":[{"embeddable":true,"href":"https:\/\/holycowcanoe.com\/2014\/wp-json\/wp\/v2\/pages\/11"}],"wp:featuredmedia":[{"embeddable":true,"href":"https:\/\/holycowcanoe.com\/2014\/wp-json\/wp\/v2\/media\/322"}],"wp:attachment":[{"href":"https:\/\/holycowcanoe.com\/2014\/wp-json\/wp\/v2\/media?parent=42"}],"curies":[{"name":"wp","href":"https:\/\/api.w.org\/{rel}","templated":true}]}}