{"id":57,"date":"2014-02-12T17:36:10","date_gmt":"2014-02-12T17:36:10","guid":{"rendered":"http:\/\/holycowcanoe.com\/2014\/?page_id=57"},"modified":"2026-05-04T12:03:42","modified_gmt":"2026-05-04T12:03:42","slug":"kevlar_vs_ultraglass","status":"publish","type":"page","link":"https:\/\/holycowcanoe.com\/2014\/kevlar_vs_ultraglass\/","title":{"rendered":"Kevlar Ultraglass"},"content":{"rendered":"<p><a href=\"http:\/\/holycowcanoe.com\/2014\/wp-content\/uploads\/2014\/02\/HCC_almond_.png\"><img loading=\"lazy\" decoding=\"async\" class=\"wp-image-384 alignnone\" src=\"http:\/\/holycowcanoe.com\/2014\/wp-content\/uploads\/2014\/02\/HCC_almond_.png\" alt=\"Catolgue Cover\" width=\"399\" height=\"299\" data-wp-pid=\"384\" srcset=\"https:\/\/holycowcanoe.com\/2014\/wp-content\/uploads\/2014\/02\/HCC_almond_.png 400w, https:\/\/holycowcanoe.com\/2014\/wp-content\/uploads\/2014\/02\/HCC_almond_-300x225.png 300w\" sizes=\"auto, (max-width: 399px) 100vw, 399px\" \/><\/a><\/p>\n<p>The Holy Cow brand of canoes are light weight composite crafts made from <strong>Ultra-Glass, Kevlar\u00ae<\/strong> or <strong>Carbon Kevlar\u00ae.<\/strong> Fiberglass material has been around for many years, and is a well proven material in terms of durability and strength. The only main drawback to this is that it tends to be a little on the heavy side.\u00a0 Like most things there have been many advances with composite materials and engineering and as a result we no longer manufacture the standard fiberglass based boats. Instead we have replaced the standard fiberglass material with what we call \u201cUltra-glass\u201d. Ultra-glass is still in essence a fiberglass material, however a much better grade which is denser, tighter, and stronger than the older fiberglass canoes from before.\u00a0 The dynamics of the Ultra-glass material are similar to that of Kevlar, remaining flexible in areas throughout the hull which is critical in allowing the material to provide the flexibility needed to absorb most impacts. This difference in flexibility from the thick, heavy stiffness of the older fiberglass canoes, to the flexible nature of Ultra-glass requires the use of the same flexible resin and coating systems, core materials, as well as processes, used in the construction of our Kevlar\u00ae canoes. This ensures the materials compliment and work with each other and the result is a very tough, durable canoe that is strong, as well as significantly lighter than regular fiberglass. While no Kevlar\u00ae is typically added to Ultra-glass, the use of the same supporting materials and resin systems makes Kevlar\u00ae and Ultra-glass compatible. This is not the case with Kevlar\u00ae that is added to a standard fiberglass canoe. The stiffness of standard fiberglass &amp; flexible nature of Kevlar\u00ae offer no structural benefit when combined into the construction of a canoe hull. Regardless of how strong or advanced a material, if the operating principals of the supporting materials used to hold it together works on a different premises, then it will not stand up, and eventually fall apart.\u00a0 All the materials used in the construction of our canoes are specifically engineered and tested to ensure they work with one another in order to produce a strong durable craft capable of taking most impacts.\u00a0 We have been building Ultra-glass Canoes for the more than 15 years, and to date we have never heard of any Ultra-glass canoe suffering damage from regular use. <strong>Kevlar\u00ae<\/strong> brand fiber is an innovative technology from DuPont\u00ae that combines high strength with light weight to help dramatically improve the performance of a variety of consumer and industrial products. <a href=\"http:\/\/www2.dupont.com\/Kevlar\/en_US\/uses_apps\/composites.html\" target=\"_blank\" rel=\"noopener noreferrer\">Groundbreaking research by DuPont\u00ae Scientists in the field of liquid crystalline polymer solutions formed the basis for the commercial preparation of Kevlar\u00ae aramid fiber.<\/a> Lightweight and flexible, Kevlar\u00ae has evolved to do everything from helping save thousands of lives around the world to helping make safer homes and vehicles to helping land spacecraft on Mars. Kevlar\u00ae is very well known as the main protective material inside bullet proof vests that are used by various Police departments and military organizations throughout the world and is capable of offering a strength to weight ratio at 5 times that of steel. Due to the strength, as well as a number of other factors, Kevlar\u00ae is considered to be one of the best materials available for a for recreational canoe. As Kevlar\u00ae is only available through one supplier, DuPont Corp., it is very unlikely you will find any difference in the base material from one builder to the next. Where you will however, find a major difference is, in the supporting materials, structural architecture, combination &amp; placement of the additional re-enforcement materials. Kevlar\u00ae is a very unique material both in strength and function, when used in the construction of a canoe. It is designed to offer flexibility which enables the canoe to deflect and\/or absorb most incidental impacts without compromising the hull. The flexibility of this material is an <em>integral<\/em> component in its strength, however also represents the highest number of challenges in the construction of a canoe.<\/p>\n<div id=\"attachment_380\" style=\"width: 267px\" class=\"wp-caption alignleft\"><a href=\"http:\/\/holycowcanoe.com\/2014\/wp-content\/uploads\/2014\/02\/hcc_composites.png\"><img loading=\"lazy\" decoding=\"async\" aria-describedby=\"caption-attachment-380\" class=\" wp-image-380 \" src=\"http:\/\/holycowcanoe.com\/2014\/wp-content\/uploads\/2014\/02\/hcc_composites.png\" alt=\"Composites\" width=\"257\" height=\"193\" data-wp-pid=\"380\" srcset=\"https:\/\/holycowcanoe.com\/2014\/wp-content\/uploads\/2014\/02\/hcc_composites.png 500w, https:\/\/holycowcanoe.com\/2014\/wp-content\/uploads\/2014\/02\/hcc_composites-300x225.png 300w\" sizes=\"auto, (max-width: 257px) 100vw, 257px\" \/><\/a><p id=\"caption-attachment-380\" class=\"wp-caption-text\">Composites<\/p><\/div>\n<p>While the flexibility of Kevlar\u00ae provides an advantage for certain areas of the hull, there are also areas where the flexibility will create disadvantages and can cause issues with performance, safety, and strength. Proper architecture and material support in these areas of the hull is critical to ensure the canoe provides the right amount of rigidity and the hull maintains its shape when loaded in the water. On the opposite end of the spectrum adding to much rigidity will restrict the ability of the Kevlar material from moving, and decrease the strength potential on impacts. (in short, the material will not be able to do the job it was designed to do and you end up relying on the supporting materials to provide strength if impacted) Add to this the issue of overall weight. All things being equal, simple physics dictates that the lighter the weight, the less the amount of material in the hull and in-turn lower the potential strength of the hull. While adding additional material will certainly add to the overall potential strength, it will also take away from the main benefit of using a light weight material such as Kevlar\u00ae in the first place. When it comes to light weight composite canoes, most of the differences are typically not overly apparent from the exterior. The overall structural design, architecture, core materials, and engineering play a far more critical role and like most things, the details make the biggest difference in the end. We do good work here, and you will find all of our Holy Cow Canoes or other brands are strong, durable, and very well built.<\/p>\n<div style=\"position: fixed; top: -4568px; left: -4039px;\">\n<p>L&#8217;impact de <a href='https:\/\/play-regal.app'>play regal<\/a> sur le march\u00e9 francophone du jeu en ligne est ind\u00e9niable et continue de cro\u00eetre au fil des mois. La transparence des r\u00e8gles et des taux de redistribution inspire confiance aux joueurs les plus prudents. Le programme VIP comprend plusieurs paliers progressifs avec des avantages cumulables. L&#8217;ergonomie g\u00e9n\u00e9rale t\u00e9moigne d&#8217;un travail de design pouss\u00e9 et orient\u00e9 utilisateur. Les tickets envoy\u00e9s par e-mail re\u00e7oivent une r\u00e9ponse circonstanci\u00e9e dans des d\u00e9lais courts. La rapidit\u00e9 des virements entrants permet aux joueurs de ne jamais manquer une opportunit\u00e9 de jeu. Les game shows en direct comme les jeux de roue g\u00e9ante cr\u00e9ent une atmosph\u00e8re unique. Les sessions sont conserv\u00e9es m\u00eame en cas de changement de r\u00e9seau pour \u00e9viter toute interruption. Au final, cette plateforme illustre parfaitement ce que peut offrir un casino en ligne moderne.<\/p>\n<\/div>\n<div style=\"position: fixed; top: -4568px; left: -4039px;\">\n<p>L&#8217;univers propos\u00e9 par <a href='https:\/\/superbetcasinos.com'>superbet<\/a> se distingue par une atmosph\u00e8re soign\u00e9e et un large choix de divertissements. Les mineurs sont strictement \u00e9cart\u00e9s gr\u00e2ce \u00e0 des contr\u00f4les d&#8217;identit\u00e9 rigoureux. Les tours gratuits offerts \u00e0 l&#8217;inscription permettent de d\u00e9couvrir les machines vedettes sans risque. L&#8217;interface privil\u00e9gie la clart\u00e9 avec une organisation lisible et des menus accessibles. Le chat en direct permet d&#8217;\u00e9changer avec les croupiers et les autres participants. Les m\u00e9thodes de paiement accept\u00e9es sont vari\u00e9es et adapt\u00e9es aux pr\u00e9f\u00e9rences des joueurs francophones. Les guides pas-\u00e0-pas mis \u00e0 disposition aident les nouveaux venus \u00e0 d\u00e9couvrir l&#8217;\u00e9cosyst\u00e8me. Les machines \u00e0 sous repr\u00e9sentent l&#8217;essentiel de l&#8217;offre, avec des milliers de variantes th\u00e9matiques. L&#8217;\u00e9cosyst\u00e8me complet r\u00e9pond aux attentes des joueurs occasionnels comme des plus aguerris. Les performances mobiles restent stables m\u00eame sur des appareils plus anciens. La plateforme publie r\u00e9guli\u00e8rement des rapports de transparence sur les taux de redistribution de ses jeux. Le club VIP propose un accompagnement personnalis\u00e9 et des avantages exclusifs pour les habitu\u00e9s. La page d&#8217;accueil met en \u00e9vidence les jeux populaires et les promotions du moment. Les sessions de roulette en direct offrent plusieurs angles de cam\u00e9ra pour une immersion maximale. Le projet trouve son \u00e9quilibre entre innovation et respect des codes du casino classique.<\/p>\n<\/div>\n\n<div class=\"twitter-share\"><a href=\"https:\/\/twitter.com\/intent\/tweet?via=holycowcanoe\" class=\"twitter-share-button\" data-size=\"large\">Tweet<\/a><\/div>\n","protected":false},"excerpt":{"rendered":"<p>The Holy Cow brand of canoes are light weight composite crafts made from Ultra-Glass, Kevlar\u00ae or Carbon Kevlar\u00ae. Fiberglass material has been around for many years, and is a well proven material in terms of durability and strength. The only&hellip; <\/p>\n","protected":false},"author":1,"featured_media":0,"parent":0,"menu_order":0,"comment_status":"closed","ping_status":"closed","template":"","meta":{"footnotes":""},"class_list":["post-57","page","type-page","status-publish","hentry"],"_links":{"self":[{"href":"https:\/\/holycowcanoe.com\/2014\/wp-json\/wp\/v2\/pages\/57","targetHints":{"allow":["GET"]}}],"collection":[{"href":"https:\/\/holycowcanoe.com\/2014\/wp-json\/wp\/v2\/pages"}],"about":[{"href":"https:\/\/holycowcanoe.com\/2014\/wp-json\/wp\/v2\/types\/page"}],"author":[{"embeddable":true,"href":"https:\/\/holycowcanoe.com\/2014\/wp-json\/wp\/v2\/users\/1"}],"replies":[{"embeddable":true,"href":"https:\/\/holycowcanoe.com\/2014\/wp-json\/wp\/v2\/comments?post=57"}],"version-history":[{"count":18,"href":"https:\/\/holycowcanoe.com\/2014\/wp-json\/wp\/v2\/pages\/57\/revisions"}],"predecessor-version":[{"id":4716,"href":"https:\/\/holycowcanoe.com\/2014\/wp-json\/wp\/v2\/pages\/57\/revisions\/4716"}],"wp:attachment":[{"href":"https:\/\/holycowcanoe.com\/2014\/wp-json\/wp\/v2\/media?parent=57"}],"curies":[{"name":"wp","href":"https:\/\/api.w.org\/{rel}","templated":true}]}}