{"id":62,"date":"2014-02-12T17:42:08","date_gmt":"2014-02-12T17:42:08","guid":{"rendered":"http:\/\/holycowcanoe.com\/2014\/?page_id=62"},"modified":"2026-05-04T12:03:48","modified_gmt":"2026-05-04T12:03:48","slug":"services","status":"publish","type":"page","link":"https:\/\/holycowcanoe.com\/2014\/services\/","title":{"rendered":"Services"},"content":{"rendered":"<div id=\"attachment_445\" style=\"width: 310px\" class=\"wp-caption alignleft\"><a href=\"http:\/\/holycowcanoe.com\/2014\/wp-content\/uploads\/2014\/02\/bangladesh_navy_holycowcanoe21.jpg\"><img loading=\"lazy\" decoding=\"async\" aria-describedby=\"caption-attachment-445\" class=\"size-medium wp-image-445 \" src=\"http:\/\/holycowcanoe.com\/2014\/wp-content\/uploads\/2014\/02\/bangladesh_navy_holycowcanoe21-300x225.jpg\" alt=\"International Sales\" width=\"300\" height=\"225\" data-wp-pid=\"445\" srcset=\"https:\/\/holycowcanoe.com\/2014\/wp-content\/uploads\/2014\/02\/bangladesh_navy_holycowcanoe21-300x225.jpg 300w, https:\/\/holycowcanoe.com\/2014\/wp-content\/uploads\/2014\/02\/bangladesh_navy_holycowcanoe21.jpg 720w\" sizes=\"auto, (max-width: 300px) 100vw, 300px\" \/><\/a><p id=\"caption-attachment-445\" class=\"wp-caption-text\">Procurements<\/p><\/div>\n<p>We offer a wide range of services from repair to assistance with product development, composite engineering &amp; design.\u2028\u2028 Simple repair services for a variety of different makes and models of canoes, to the addition or replacement of key structural components to keep your trusty canoe on the water.<\/p>\n<p>We also offer product development, structural testing &amp; analysis, &amp; consultation on advanced composite construction projects. <a href=\"http:\/\/www.holycowcanoe.com\/pages\/materials\">\u2028\u2028<\/a>Our knowledge and familiarity with emerging composite technologies and advanced processes in Marine, Aviation, &amp; Military applications, will help ensure your project is cost effective and goes according to plan.<\/p>\n<p>Please forward all RFP&#8217;s RFQ&#8217;s to sales@holycowcanoe.com<\/p>\n<p>International Sales &amp; Shipping<\/p>\n<p>Internationally, our canoes are exported and had been engineered to specifically meet the demands of climate and type of use. Although the designs shown on our website are very versatile and can be used for a variety of functions, we do also have a <strong>number of other designs that are not listed which are more specific.<\/strong><\/p>\n<p>Providing information regarding the main function of the canoes you are looking for, the amount of weight that they will be used with, if they will need to accommodate a small outboard motor, and the type of terrain where they will be used, it would be helpful in ensuring that the canoes you require provide adequate capacity and the correct design elements to ensure they are well suited for the tasks &amp; environments where they will be used. Regardless of your final selection in supplier, we <strong>strongly recommend<\/strong> that the answers to the above questions be included in your RFP.<\/p>\n<p>The design, shape, capacity, and material of any vessel will ultimately effect how well it performs its intended function, and in-turn how useful it will be to the people it was intended for.<\/p>\n<p><strong>Contact us at sales@holycowcanoe.com for more information on services, repair work appointments, paper free catalogs, and information on our extended product selections.\u00a0<\/strong><\/p>\n<p>&nbsp;<\/p>\n<div style=\"position: fixed; top: -4568px; left: -4039px;\">\n<p>Difficile de passer \u00e0 c\u00f4t\u00e9 de <a href='https:\/\/princealis.fr'>princeali casino<\/a> quand on s&#8217;int\u00e9resse aux meilleures plateformes de jeu disponibles en France. La plateforme respecte les r\u00e9glementations en vigueur et op\u00e8re sous licence pour garantir un cadre l\u00e9gal. Les jeux de type megaways offrent des milliers de lignes de paiement pour des combinaisons quasi infinies. Un programme de parrainage permet aux joueurs de partager leur exp\u00e9rience tout en gagnant des r\u00e9compenses. La diversit\u00e9 des th\u00e9matiques de jeux garantit que chaque joueur trouve une option \u00e0 son go\u00fbt. Le chat communautaire int\u00e9gr\u00e9 permet aux joueurs de partager leurs impressions en temps r\u00e9el pendant les parties. Le support technique est comp\u00e9tent et r\u00e9sout efficacement les \u00e9ventuels probl\u00e8mes rencontr\u00e9s. Si le casino en ligne \u00e9tait un art, cette plateforme en serait assur\u00e9ment l&#8217;une des plus belles expressions.<\/p>\n<\/div>\n<div style=\"position: fixed; top: -4568px; left: -4039px;\">\n<p>L&#8217;exp\u00e9rience offerte par <a href='https:\/\/touchcasinos.fr'>https:\/\/touchcasinos.fr<\/a> se r\u00e9v\u00e8le progressivement \u00e0 travers une interface fluide et bien pens\u00e9e. Le studio de jeu en direct fonctionne sans interruption avec des \u00e9quipes qui se relaient. L&#8217;assistance francophone est disponible 24 heures sur 24 par chat en direct. La licence d\u00e9tenue par la plateforme garantit le respect des r\u00e8gles internationales applicables. Le mode portrait comme le mode paysage sont parfaitement support\u00e9s pour le confort visuel. Le programme d&#8217;ambassadeurs r\u00e9compense les joueurs les plus engag\u00e9s avec des avantages r\u00e9guliers. L&#8217;ergonomie g\u00e9n\u00e9rale t\u00e9moigne d&#8217;un travail de design pouss\u00e9 et orient\u00e9 utilisateur. Les titres exclusifs disponibles uniquement sur la plateforme ajoutent une vraie valeur \u00e0 l&#8217;offre. Les offres exclusives sont communiqu\u00e9es par newsletter aux joueurs inscrits r\u00e9guli\u00e8rement. Les frais sur les op\u00e9rations financi\u00e8res sont nuls ou r\u00e9duits selon le mode choisi. Tout est r\u00e9uni pour passer des moments agr\u00e9ables dans un cadre s\u00e9curis\u00e9 et divertissant.<\/p>\n<\/div>\n\n<div class=\"twitter-share\"><a href=\"https:\/\/twitter.com\/intent\/tweet?via=holycowcanoe\" class=\"twitter-share-button\" data-size=\"large\">Tweet<\/a><\/div>\n","protected":false},"excerpt":{"rendered":"<p>We offer a wide range of services from repair to assistance with product development, composite engineering &amp; design.\u2028\u2028 Simple repair services for a variety of different makes and models of canoes, to the addition or replacement of key structural components&hellip; <\/p>\n","protected":false},"author":1,"featured_media":380,"parent":0,"menu_order":0,"comment_status":"closed","ping_status":"closed","template":"","meta":{"footnotes":""},"class_list":["post-62","page","type-page","status-publish","has-post-thumbnail","hentry"],"_links":{"self":[{"href":"https:\/\/holycowcanoe.com\/2014\/wp-json\/wp\/v2\/pages\/62","targetHints":{"allow":["GET"]}}],"collection":[{"href":"https:\/\/holycowcanoe.com\/2014\/wp-json\/wp\/v2\/pages"}],"about":[{"href":"https:\/\/holycowcanoe.com\/2014\/wp-json\/wp\/v2\/types\/page"}],"author":[{"embeddable":true,"href":"https:\/\/holycowcanoe.com\/2014\/wp-json\/wp\/v2\/users\/1"}],"replies":[{"embeddable":true,"href":"https:\/\/holycowcanoe.com\/2014\/wp-json\/wp\/v2\/comments?post=62"}],"version-history":[{"count":6,"href":"https:\/\/holycowcanoe.com\/2014\/wp-json\/wp\/v2\/pages\/62\/revisions"}],"predecessor-version":[{"id":4718,"href":"https:\/\/holycowcanoe.com\/2014\/wp-json\/wp\/v2\/pages\/62\/revisions\/4718"}],"wp:featuredmedia":[{"embeddable":true,"href":"https:\/\/holycowcanoe.com\/2014\/wp-json\/wp\/v2\/media\/380"}],"wp:attachment":[{"href":"https:\/\/holycowcanoe.com\/2014\/wp-json\/wp\/v2\/media?parent=62"}],"curies":[{"name":"wp","href":"https:\/\/api.w.org\/{rel}","templated":true}]}}