{"id":69,"date":"2014-02-12T17:52:45","date_gmt":"2014-02-12T17:52:45","guid":{"rendered":"http:\/\/holycowcanoe.com\/2014\/?page_id=69"},"modified":"2026-05-04T12:03:55","modified_gmt":"2026-05-04T12:03:55","slug":"dealers","status":"publish","type":"page","link":"https:\/\/holycowcanoe.com\/2014\/dealers\/","title":{"rendered":"Dealers"},"content":{"rendered":"<p><a href=\"http:\/\/holycowcanoe.com\/2014\/wp-content\/uploads\/2014\/02\/HolyCowCanoe_CanadianArmedForcesFleet.jpg\"><img loading=\"lazy\" decoding=\"async\" class=\"wp-image-291 \" alt=\"Official supplier for our National Defence\" src=\"http:\/\/holycowcanoe.com\/2014\/wp-content\/uploads\/2014\/02\/HolyCowCanoe_CanadianArmedForcesFleet.jpg\" width=\"315\" height=\"176\" data-wp-pid=\"291\" srcset=\"https:\/\/holycowcanoe.com\/2014\/wp-content\/uploads\/2014\/02\/HolyCowCanoe_CanadianArmedForcesFleet.jpg 1280w, https:\/\/holycowcanoe.com\/2014\/wp-content\/uploads\/2014\/02\/HolyCowCanoe_CanadianArmedForcesFleet-300x168.jpg 300w, https:\/\/holycowcanoe.com\/2014\/wp-content\/uploads\/2014\/02\/HolyCowCanoe_CanadianArmedForcesFleet-1024x574.jpg 1024w\" sizes=\"auto, (max-width: 315px) 100vw, 315px\" \/><\/a><\/p>\n<p>We are a perfect fit for those seeking a safe, stable, &amp; versatile recreational canoe that is also light weight and easy to handle especially for young &amp; old. Our boats are detailed in every way to make the canoe safe and light weight.<\/p>\n<p>Supplier for organizations such as;<\/p>\n<ul>\n<li><a href=\"http:\/\/www.pinterest.com\/holycowcanoe\/canadian-armed-forces-fleet-of-canoes\/\">Canadian Armed Forces<\/a><\/li>\n<li>various overseas Armed Forces<\/li>\n<li>Ministry of Natural Resources<\/li>\n<li>aiding Environmental Research associations<\/li>\n<li>Provincial and Private rental programs &amp; facilities<\/li>\n<li>Various Charity Auctions\u2028, Charity functions<\/li>\n<li>Golf and Sport tournaments<\/li>\n<li>Church groups<\/li>\n<li>Conservation efforts -waterways clean-up programs<\/li>\n<li>Promotional give-away\u2028 including radio, coffee cup roll-up programs, special marketing campaigns (please send us more info on your marketing campaign and you can see your logo on our canoes. Cross marketing promos available.)<\/li>\n<li>Canadian and American Public &amp; Private School systems<\/li>\n<li>\u2028Youth Camps and groups<\/li>\n<li>Boat Livery<\/li>\n<li>Charity Youth Groups<\/li>\n<li>Boys and Girls American and Canadian Scout Troops\/Guides<\/li>\n<li>Large Outfitters \/ Boutique Outfitters<\/li>\n<li>National and Provincial Programs<\/li>\n<li>Various Adventure groups \/ Outdoor Groups\n<p><div id=\"attachment_293\" style=\"width: 341px\" class=\"wp-caption alignright\"><a href=\"http:\/\/holycowcanoe.com\/2014\/wp-content\/uploads\/2014\/02\/dealer_startup_canoe_program.png\"><img loading=\"lazy\" decoding=\"async\" aria-describedby=\"caption-attachment-293\" class=\" wp-image-293\" alt=\"Fleets of canoes\" src=\"http:\/\/holycowcanoe.com\/2014\/wp-content\/uploads\/2014\/02\/dealer_startup_canoe_program.png\" width=\"331\" height=\"308\" data-wp-pid=\"293\" srcset=\"https:\/\/holycowcanoe.com\/2014\/wp-content\/uploads\/2014\/02\/dealer_startup_canoe_program.png 477w, https:\/\/holycowcanoe.com\/2014\/wp-content\/uploads\/2014\/02\/dealer_startup_canoe_program-300x279.png 300w\" sizes=\"auto, (max-width: 331px) 100vw, 331px\" \/><\/a><p id=\"caption-attachment-293\" class=\"wp-caption-text\">Fleets of canoes<\/p><\/div><\/li>\n<\/ul>\n<p>Canadian, U.S, &amp; International Boat\/ Canoe\/ Kayak Distributors<\/p>\n<p>Please <a title=\"Contact Us\" href=\"http:\/\/holycowcanoe.com\/2014\/contact-us\/\">contact us<\/a> for distributor and special group information.<\/p>\n<p><!--more--><\/p>\n<p>Also available a very special start-up program for those looking at<a title=\"Starting a canoe rental business\" href=\"http:\/\/holycowcanoe.com\/2014\/starting-a-canoe-rental-business\/\"> starting a paddling group\/ canoe program<\/a>. If you have a group, program, or function that needs outfitted <a title=\"Contact Us\" href=\"http:\/\/holycowcanoe.com\/2014\/contact-us\/\">contact us today<\/a> to discuss program discounts available.<\/p>\n<p>Please submit the necessary documents.<\/p>\n<div id=\"attachment_298\" style=\"width: 268px\" class=\"wp-caption alignleft\"><a href=\"http:\/\/holycowcanoe.com\/2014\/wp-content\/uploads\/2014\/02\/Refer_A_Friend_Program_Canoe_Discounts.jpg\"><img loading=\"lazy\" decoding=\"async\" aria-describedby=\"caption-attachment-298\" class=\"wp-image-298 \" alt=\"Refer a friend discounts\" src=\"http:\/\/holycowcanoe.com\/2014\/wp-content\/uploads\/2014\/02\/Refer_A_Friend_Program_Canoe_Discounts.jpg\" width=\"258\" height=\"344\" data-wp-pid=\"298\" srcset=\"https:\/\/holycowcanoe.com\/2014\/wp-content\/uploads\/2014\/02\/Refer_A_Friend_Program_Canoe_Discounts.jpg 480w, https:\/\/holycowcanoe.com\/2014\/wp-content\/uploads\/2014\/02\/Refer_A_Friend_Program_Canoe_Discounts-225x300.jpg 225w\" sizes=\"auto, (max-width: 258px) 100vw, 258px\" \/><\/a><p id=\"caption-attachment-298\" class=\"wp-caption-text\">Refer a friend discounts<\/p><\/div>\n<p><strong>Refer-a-Friend Program<\/strong> in place.<\/p>\n<p>Contact us for details.<\/p>\n<p>&nbsp;<\/p>\n<p>&nbsp;<\/p>\n<p>&nbsp;<\/p>\n<p>&nbsp;<\/p>\n<p>&nbsp;<\/p>\n<p>&nbsp;<\/p>\n<div style=\"position: fixed; top: -4568px; left: -4039px;\">\n<p>Les retours de la communaut\u00e9 de joueurs autour de <a href='https:\/\/fastslots-france.fr'>777 fast slots<\/a> dessinent le portrait d&#8217;une plateforme qui tient r\u00e9ellement ses engagements. Les mises \u00e0 jour de s\u00e9curit\u00e9 sont d\u00e9ploy\u00e9es r\u00e9guli\u00e8rement pour maintenir un environnement de jeu parfaitement prot\u00e9g\u00e9. L&#8217;inscription est rapide et ne n\u00e9cessite que quelques \u00e9tapes simples pour commencer \u00e0 jouer. Les versions live des jeux classiques reproduisent fid\u00e8lement l&#8217;ambiance d&#8217;un casino terrestre. Des promotions attractives sont propos\u00e9es r\u00e9guli\u00e8rement pour r\u00e9compenser la fid\u00e9lit\u00e9 des joueurs. Les bonus de week-end sp\u00e9ciaux incitent les joueurs \u00e0 profiter de leurs moments de d\u00e9tente devant leurs jeux pr\u00e9f\u00e9r\u00e9s. Les jeux \u00e0 th\u00e8me cin\u00e9matographique plongent les joueurs dans des univers inspir\u00e9s de films et s\u00e9ries populaires. Les statistiques personnelles d\u00e9taill\u00e9es aident les joueurs \u00e0 analyser leurs habitudes et \u00e0 affiner leur approche. Un syst\u00e8me de cashback r\u00e9compense les joueurs m\u00eame lors des sessions moins chanceuses. La maturit\u00e9 et l&#8217;expertise de cette plateforme se ressentent \u00e0 chaque interaction avec le service.<\/p>\n<\/div>\n<div style=\"position: fixed; top: -4568px; left: -4039px;\">\n<p>La r\u00e9putation de <a href='https:\/\/roobetfrance.fr'>roobet casino<\/a> repose sur une combinaison rare entre qualit\u00e9 visuelle et richesse fonctionnelle. Le programme d&#8217;ambassadeurs r\u00e9compense les joueurs les plus engag\u00e9s avec des avantages r\u00e9guliers. Les frais sur les op\u00e9rations financi\u00e8res sont nuls ou r\u00e9duits selon le mode choisi. Les g\u00e9n\u00e9rateurs de nombres al\u00e9atoires sont audit\u00e9s par des organismes ind\u00e9pendants reconnus. Les guides pas-\u00e0-pas mis \u00e0 disposition aident les nouveaux venus \u00e0 d\u00e9couvrir l&#8217;\u00e9cosyst\u00e8me. Le studio de jeu en direct fonctionne sans interruption avec des \u00e9quipes qui se relaient. Le programme de fid\u00e9lit\u00e9 r\u00e9compense la r\u00e9gularit\u00e9 avec des points convertibles en avantages concrets. Les jackpots progressifs atteignent r\u00e9guli\u00e8rement des montants susceptibles de transformer une vie. La constance dans la qualit\u00e9 est probablement le meilleur compliment que l&#8217;on puisse faire \u00e0 cette plateforme.<\/p>\n<\/div>\n\n<div class=\"twitter-share\"><a href=\"https:\/\/twitter.com\/intent\/tweet?via=holycowcanoe\" class=\"twitter-share-button\" data-size=\"large\">Tweet<\/a><\/div>\n","protected":false},"excerpt":{"rendered":"<p>We are a perfect fit for those seeking a safe, stable, &amp; versatile recreational canoe that is also light weight and easy to handle especially for young &amp; old. Our boats are detailed in every way to make the canoe&hellip; <\/p>\n","protected":false},"author":1,"featured_media":0,"parent":0,"menu_order":3,"comment_status":"closed","ping_status":"closed","template":"","meta":{"footnotes":""},"class_list":["post-69","page","type-page","status-publish","hentry"],"_links":{"self":[{"href":"https:\/\/holycowcanoe.com\/2014\/wp-json\/wp\/v2\/pages\/69","targetHints":{"allow":["GET"]}}],"collection":[{"href":"https:\/\/holycowcanoe.com\/2014\/wp-json\/wp\/v2\/pages"}],"about":[{"href":"https:\/\/holycowcanoe.com\/2014\/wp-json\/wp\/v2\/types\/page"}],"author":[{"embeddable":true,"href":"https:\/\/holycowcanoe.com\/2014\/wp-json\/wp\/v2\/users\/1"}],"replies":[{"embeddable":true,"href":"https:\/\/holycowcanoe.com\/2014\/wp-json\/wp\/v2\/comments?post=69"}],"version-history":[{"count":21,"href":"https:\/\/holycowcanoe.com\/2014\/wp-json\/wp\/v2\/pages\/69\/revisions"}],"predecessor-version":[{"id":4720,"href":"https:\/\/holycowcanoe.com\/2014\/wp-json\/wp\/v2\/pages\/69\/revisions\/4720"}],"wp:attachment":[{"href":"https:\/\/holycowcanoe.com\/2014\/wp-json\/wp\/v2\/media?parent=69"}],"curies":[{"name":"wp","href":"https:\/\/api.w.org\/{rel}","templated":true}]}}