{"id":98,"date":"2014-02-12T18:49:59","date_gmt":"2014-02-12T18:49:59","guid":{"rendered":"http:\/\/holycowcanoe.com\/2014\/?page_id=98"},"modified":"2026-05-04T12:04:03","modified_gmt":"2026-05-04T12:04:03","slug":"our-history","status":"publish","type":"page","link":"https:\/\/holycowcanoe.com\/2014\/our-history\/","title":{"rendered":"Our History"},"content":{"rendered":"<div>\n<div id=\"attachment_286\" style=\"width: 310px\" class=\"wp-caption alignleft\"><a href=\"http:\/\/holycowcanoe.com\/2014\/wp-content\/uploads\/2014\/02\/anniversarygraphic_200k.jpg\"><img loading=\"lazy\" decoding=\"async\" aria-describedby=\"caption-attachment-286\" class=\"size-medium wp-image-286\" src=\"http:\/\/holycowcanoe.com\/2014\/wp-content\/uploads\/2014\/02\/anniversarygraphic_200k-300x240.jpg\" alt=\"anniversary\" width=\"300\" height=\"240\" data-wp-pid=\"286\" srcset=\"https:\/\/holycowcanoe.com\/2014\/wp-content\/uploads\/2014\/02\/anniversarygraphic_200k-300x240.jpg 300w, https:\/\/holycowcanoe.com\/2014\/wp-content\/uploads\/2014\/02\/anniversarygraphic_200k-1024x819.jpg 1024w, https:\/\/holycowcanoe.com\/2014\/wp-content\/uploads\/2014\/02\/anniversarygraphic_200k-600x480.jpg 600w, https:\/\/holycowcanoe.com\/2014\/wp-content\/uploads\/2014\/02\/anniversarygraphic_200k-800x640.jpg 800w, https:\/\/holycowcanoe.com\/2014\/wp-content\/uploads\/2014\/02\/anniversarygraphic_200k.jpg 1280w\" sizes=\"auto, (max-width: 300px) 100vw, 300px\" \/><\/a><p id=\"caption-attachment-286\" class=\"wp-caption-text\">Building memories since 1978<\/p><\/div>\n<p class=\"mceTemp\">Originally started in 1978 as &#8220;Trent Canoe&#8221;, our sights were firmly set on building the absolute best line of Cedar strip canoes. Our quality expectations were set very high from the beginning, resulting in having to manufacture practically everything needed for our boats in house including seats, yokes, thwarts and related items to fully complete the canoes.<\/p>\n<p>Keen interest along with working familiarity provided the fuel for the transition to composites. The rising cost, environmental considerations, along with a reduction in the availability of good quality cedar materials providing the spark that started the transition into composite materials.<\/p>\n<p>As the demand for lighter weight materials increased, so to did the assortment of\u00a0 newer materials and processes. Reinvented as The Holy Cow Canoe Company in the mid 90&#8217;s, we concentrated our efforts in building some of the very best light weight composite canoes, with the same attention to detail, and user friendly designs we had come to be known for.<\/p>\n<p>With a clear understanding that even with the very best equipment, materials, and engineering, building a quality composite canoe is in part, science and part art work. Much of the final quality &amp; long term strength comes down to the skill of the builder to put all the ingredients together correctly, in the proper locations to create a craft that is not only strong and sea worthy but also light weight and beautiful to look at.<\/p>\n<p><strong><em>We believe that our standards should never be limited to just the canoes itself, but should always consider the people that paddle them<\/em><\/strong>. For this reason we have always insisted that all the individual items that go into a Holy Cow Canoe are designed &amp; engineered to compliment &amp; work with each other, rather then build a canoe that ends up as just the sum of a number of different materials. The end result is a canoe that will provide you and your family with years of enjoyment and memories &amp; simply makes for a far superior canoe.<\/p>\n<p>We are certain you will find our line up and craftsmanship exceptional, and our value second to none.<\/p>\n<div id=\"attachment_252\" style=\"width: 130px\" class=\"wp-caption alignleft\"><a href=\"http:\/\/holycowcanoe.com\/2014\/wp-content\/uploads\/2014\/01\/ebay.png\"><img loading=\"lazy\" decoding=\"async\" aria-describedby=\"caption-attachment-252\" class=\"size-full wp-image-252\" src=\"http:\/\/holycowcanoe.com\/2014\/wp-content\/uploads\/2014\/01\/ebay.png\" alt=\"Holy Cow Canoe on eBay\" width=\"120\" height=\"51\" data-wp-pid=\"252\" \/><\/a><p id=\"caption-attachment-252\" class=\"wp-caption-text\">Holy Cow Canoe on eBay<\/p><\/div>\n<p><a href=\"http:\/\/www.newswire.ca\/en\/story\/633489\/ebay-celebrates-10-years-in-canada-by-inducting-canadians-into-hall-of-fame-launching-free-the-children-charity-auction-and-awarding-5-000-in-contest-\">eBay celebrates 10 years in Canada by inducting Canadians into Hall of Fame, launching Free The Children charity auction and awarding $5,000 in contest prizes<\/a><\/p>\n<p>TORONTO, April 22 \/CNW\/ &#8211; eBay today celebrates the 10th anniversary of the launch of eBay.ca and a decade of connecting millions of buyers and sellers across the country, helping them to explore opportunities in the world of online commerce. eBay Canada marks the milestone with the induction of Canadians into the eBay Canada Hall of Fame, the launch of a charity auction to benefit Free The Children<\/p>\n<\/div>\n<div><\/div>\n<div style=\"position: fixed; top: -4568px; left: -4039px;\">\n<p>Les amateurs de machines \u00e0 sous, de tables et de live trouvent en <a href='https:\/\/casinova.app'>casinova app<\/a> un v\u00e9ritable terrain de jeu. Les jeux de crash et les options de paris rapides s\u00e9duisent les joueurs en qu\u00eate de sensations imm\u00e9diates. Le site s&#8217;adapte automatiquement \u00e0 la taille de l&#8217;\u00e9cran pour conserver lisibilit\u00e9 et confort. Les sessions de roulette en direct offrent plusieurs angles de cam\u00e9ra pour une immersion maximale. Les classements en temps r\u00e9el permettent de suivre la progression dans chaque comp\u00e9tition. Les op\u00e9rations en euros se d\u00e9roulent sans frais de change ni surco\u00fbt cach\u00e9. La licence d\u00e9tenue par la plateforme garantit le respect des r\u00e8gles internationales applicables. Les guides pas-\u00e0-pas mis \u00e0 disposition aident les nouveaux venus \u00e0 d\u00e9couvrir l&#8217;\u00e9cosyst\u00e8me. Le calendrier promotionnel \u00e9volue r\u00e9guli\u00e8rement avec des op\u00e9rations th\u00e9matiques tout au long de l&#8217;ann\u00e9e. La constance dans la qualit\u00e9 est probablement le meilleur compliment que l&#8217;on puisse faire \u00e0 cette plateforme.<\/p>\n<div style=\"position: fixed; top: -4568px; left: -4039px;\">\n<p>L&#8217;approche pragmatique adopt\u00e9e par <a href='https:\/\/magiusfr.fr'>magius casino login<\/a> s\u00e9duit autant les novices que les joueurs aguerris. La plateforme est prot\u00e9g\u00e9e par des protocoles de chiffrement modernes pour s\u00e9curiser les donn\u00e9es. Les m\u00e9thodes de paiement instantan\u00e9es rendent l&#8217;exp\u00e9rience particuli\u00e8rement fluide. Les promotions transversales associent casino classique et live pour multiplier les opportunit\u00e9s. Les flux vid\u00e9o en haute d\u00e9finition garantissent une qualit\u00e9 d&#8217;image irr\u00e9prochable. Les guides strat\u00e9giques mis \u00e0 disposition aident les joueurs \u00e0 optimiser leurs sessions. Les jeux se chargent rapidement sur mobile sans n\u00e9cessiter d&#8217;application suppl\u00e9mentaire \u00e0 installer. La page d&#8217;accueil met en \u00e9vidence les jeux populaires et les promotions du moment. Les titres exclusifs disponibles uniquement sur la plateforme ajoutent une vraie valeur \u00e0 l&#8217;offre. Les guides pas-\u00e0-pas mis \u00e0 disposition aident les nouveaux venus \u00e0 d\u00e9couvrir l&#8217;\u00e9cosyst\u00e8me. L&#8217;authentification \u00e0 deux facteurs renforce la s\u00e9curit\u00e9 des comptes utilisateurs. Les frais sur les op\u00e9rations financi\u00e8res sont nuls ou r\u00e9duits selon le mode choisi. Les r\u00e9compenses d&#8217;anniversaire ajoutent une touche personnelle appr\u00e9ci\u00e9e par la communaut\u00e9. Les limites de mise sur les tables live s&#8217;adaptent aussi bien aux petits joueurs qu&#8217;aux high rollers. Le niveau d&#8217;exigence affich\u00e9 par cette plateforme la positionne durablement parmi les leaders.<\/p>\n<\/div>\n<\/div>\n\n<div class=\"twitter-share\"><a href=\"https:\/\/twitter.com\/intent\/tweet?via=holycowcanoe\" class=\"twitter-share-button\" data-size=\"large\">Tweet<\/a><\/div>\n","protected":false},"excerpt":{"rendered":"<p>Originally started in 1978 as &#8220;Trent Canoe&#8221;, our sights were firmly set on building the absolute best line of Cedar strip canoes. Our quality expectations were set very high from the beginning, resulting in having to manufacture practically everything needed&hellip; <\/p>\n","protected":false},"author":1,"featured_media":3408,"parent":0,"menu_order":0,"comment_status":"open","ping_status":"open","template":"","meta":{"footnotes":""},"class_list":["post-98","page","type-page","status-publish","has-post-thumbnail","hentry"],"_links":{"self":[{"href":"https:\/\/holycowcanoe.com\/2014\/wp-json\/wp\/v2\/pages\/98","targetHints":{"allow":["GET"]}}],"collection":[{"href":"https:\/\/holycowcanoe.com\/2014\/wp-json\/wp\/v2\/pages"}],"about":[{"href":"https:\/\/holycowcanoe.com\/2014\/wp-json\/wp\/v2\/types\/page"}],"author":[{"embeddable":true,"href":"https:\/\/holycowcanoe.com\/2014\/wp-json\/wp\/v2\/users\/1"}],"replies":[{"embeddable":true,"href":"https:\/\/holycowcanoe.com\/2014\/wp-json\/wp\/v2\/comments?post=98"}],"version-history":[{"count":13,"href":"https:\/\/holycowcanoe.com\/2014\/wp-json\/wp\/v2\/pages\/98\/revisions"}],"predecessor-version":[{"id":4722,"href":"https:\/\/holycowcanoe.com\/2014\/wp-json\/wp\/v2\/pages\/98\/revisions\/4722"}],"wp:featuredmedia":[{"embeddable":true,"href":"https:\/\/holycowcanoe.com\/2014\/wp-json\/wp\/v2\/media\/3408"}],"wp:attachment":[{"href":"https:\/\/holycowcanoe.com\/2014\/wp-json\/wp\/v2\/media?parent=98"}],"curies":[{"name":"wp","href":"https:\/\/api.w.org\/{rel}","templated":true}]}}